{"id":612,"date":"2018-09-04T16:56:19","date_gmt":"2018-09-04T14:56:19","guid":{"rendered":"https:\/\/www.fliegergeschwader28.de\/hstws\/?page_id=612"},"modified":"2021-09-09T18:07:09","modified_gmt":"2021-09-09T16:07:09","slug":"vorstellung-des-fg28","status":"publish","type":"page","link":"https:\/\/www.fliegergeschwader28.de\/hstws\/vorstellung-des-fg28\/","title":{"rendered":"Vorstellung des FG28"},"content":{"rendered":"<h3><strong><span style=\"color: #ff0000;\">\/<\/span><span style=\"color: #3366ff;\">\/<\/span> Kurzinformation<\/strong><\/h3>\n<p><span style=\"font-family: arial,helvetica,sans-serif;\">Wir:<br \/>\n<\/span><\/p>\n<ul>\n<li><span style=\"font-family: arial,helvetica,sans-serif;\">sind <strong>leidenschaftliche Flugsimulations- und Flugzeugfans <\/strong><\/span><\/li>\n<li><span style=\"font-family: arial,helvetica,sans-serif;\">sind <\/span><span style=\"font-family: arial,helvetica,sans-serif;\">ein Geschwader <strong>ohne Dienstgrade und Milit\u00e4rrollenspiel <\/strong><\/span><\/li>\n<li><span style=\"font-family: arial,helvetica,sans-serif;\">fliegen meistens <strong>IL-2 Sturmovik: Cliffs of Dover &#8211; Blitz\/Desert Wings &#8211; Tobruk<\/strong> oder <strong>Warthunder, <\/strong>gelegentlich <strong>IL-2 Sturmovik: Battle of Stalingrad, <\/strong>sowie <strong>Rise of Flight<\/strong><br \/>\n<\/span><\/li>\n<li><span style=\"font-family: arial,helvetica,sans-serif;\">sind <strong>nicht auf eine Seite festgelegt<\/strong>, wir fliegen also manchmal f\u00fcr &#8222;Rot&#8220; und manchmal f\u00fcr &#8222;Blau&#8220;<br \/>\n<sub>(in der Praxis fliegt unser Geschwader daher meistens auf roter Seite &#8211; in IL-2 Sturmovik: Cliffs of Dover sogar ausschlie\u00dflich -, da diese oft in Unterzahl ist)<\/sub><\/span><\/li>\n<li><span style=\"font-family: arial,helvetica,sans-serif;\">sind <strong>in der Wahl unserer Flugzeuge offen<\/strong> &#8211; wir fliegen zwar h\u00e4ufiger Jagdeins\u00e4tze, hin und wieder aber auch Bomber<br \/>\n<\/span><\/li>\n<\/ul>\n<p><img loading=\"lazy\" decoding=\"async\" class=\"alignnone size-full wp-image-700\" src=\"https:\/\/www.fliegergeschwader28.de\/hstws\/wp-content\/uploads\/2020\/10\/fg28_kurzinfo1.jpg\" alt=\"\" width=\"720\" height=\"160\" srcset=\"https:\/\/www.fliegergeschwader28.de\/hstws\/wp-content\/uploads\/2020\/10\/fg28_kurzinfo1.jpg 720w, https:\/\/www.fliegergeschwader28.de\/hstws\/wp-content\/uploads\/2020\/10\/fg28_kurzinfo1-300x67.jpg 300w, https:\/\/www.fliegergeschwader28.de\/hstws\/wp-content\/uploads\/2020\/10\/fg28_kurzinfo1-100x22.jpg 100w, https:\/\/www.fliegergeschwader28.de\/hstws\/wp-content\/uploads\/2020\/10\/fg28_kurzinfo1-150x33.jpg 150w, https:\/\/www.fliegergeschwader28.de\/hstws\/wp-content\/uploads\/2020\/10\/fg28_kurzinfo1-200x44.jpg 200w, https:\/\/www.fliegergeschwader28.de\/hstws\/wp-content\/uploads\/2020\/10\/fg28_kurzinfo1-450x100.jpg 450w, https:\/\/www.fliegergeschwader28.de\/hstws\/wp-content\/uploads\/2020\/10\/fg28_kurzinfo1-600x133.jpg 600w\" sizes=\"auto, (max-width: 720px) 100vw, 720px\" \/><\/p>\n<h3><strong><strong><strong><strong><span style=\"color: #ff0000;\">\/<\/span><span style=\"color: #3366ff;\">\/ <\/span><\/strong><\/strong><\/strong><\/strong>Virtuelles Fliegen im Team<\/h3>\n<p class=\"text_std\"><span style=\"font-family: arial,helvetica,sans-serif;\">Das Fliegergeschwader 28 &#8222;Wolkenst\u00fcrmer&#8220; (kurz FG28) ist eine virtuelle Spielergemeinschaft, die gemeinsam die 2.-Weltkrieg- Flugsimulationen der IL-2 Reihe (im Wesentlichen IL-2 Cliffs of Dover Blitz und Warthunder)<\/span> <span style=\"font-family: arial,helvetica,sans-serif;\">spielt. Der Reiz des gemeinsamen Spiels besteht darin, dass jeder eine bestimmte Aufgabe \u00fcbernehmen kann, sodass beispielsweise sowohl der Bodenangriff als auch der Jagdschutz abgedeckt wird. Die hierf\u00fcr notwendige Koordination erfolgt \u00fcber &#8222;Funk&#8220;. Mit ein wenig \u00dcbung kann so ein eingespieltes Team geschaffen werden, das die Aufgaben sehr viel effektiver und effizienter l\u00f6sen kann. Vor allem aber wird so ein deutlich intensiveres Spielerlebnis erzeugt &#8211; man hat also einfach viel mehr Spa\u00df!<br \/>\n<\/span><\/p>\n<p><img loading=\"lazy\" decoding=\"async\" class=\" size-full wp-image-36\" src=\"https:\/\/fliegergeschwader28.de\/hstws\/wp-content\/uploads\/2009\/01\/main_stuff2.jpg\" width=\"720\" height=\"160\" border=\"0\" srcset=\"https:\/\/www.fliegergeschwader28.de\/hstws\/wp-content\/uploads\/2009\/01\/main_stuff2.jpg 720w, https:\/\/www.fliegergeschwader28.de\/hstws\/wp-content\/uploads\/2009\/01\/main_stuff2-300x67.jpg 300w\" sizes=\"auto, (max-width: 720px) 100vw, 720px\" \/><\/p>\n<h3><strong><strong><strong><strong><span style=\"color: #ff0000;\">\/<\/span><span style=\"color: #3366ff;\">\/ <\/span><\/strong><\/strong><\/strong><\/strong><span style=\"font-family: arial,helvetica,sans-serif;\"><strong>Austausch \u00fcber das gemeinsame Hobby<\/strong><\/span><\/h3>\n<p class=\"text_std\"><span style=\"font-family: arial,helvetica,sans-serif;\">Der Reiz eines virtuellen Geschwaders besteht auch darin, dass man eine <a href=\"https:\/\/fliegergeschwader28.de\/hstws\/2009\/01\/18\/pilotenliste\/\">Gruppe netter Leute<\/a> kennen lernt, mit denen man sich regelm\u00e4\u00dfig \u00fcber das gemeinsame Hobby, die Fliegerei am Computer, austauschen kann. Und nat\u00fcrlich interessieren wir uns nicht nur f\u00fcr Fliegerei am Computer, sondern auch f\u00fcr die reale Geschichte der Fliegerei. <\/span><span style=\"font-family: arial,helvetica,sans-serif; color: #000000;\">Und selbstverst\u00e4ndlich spielen viele von uns auch ganz andere Spiele &#8211; und das auch gern gemeinsam.<br \/>\nBei all dem beschr\u00e4nken wir uns nicht nur auf die virtuellen Weiten des Internets, das <\/span><span style=\"font-family: arial,helvetica,sans-serif;\">j\u00e4hrliche Geschwadertreffen geh\u00f6rt zum festen Bestandteil der Jahresplanung. \u00dcber die Jahre sind so schon einige &#8218;echte&#8216; Freundschaften gewachsen&#8230;<br \/>\n<\/span><\/p>\n<h3><strong><strong><strong><strong><span style=\"color: #ff0000;\">\/<\/span><span style=\"color: #3366ff;\">\/ <\/span><\/strong><\/strong><\/strong><\/strong>\u00dcbung macht den Meister<\/h3>\n<p class=\"text_std\"><span style=\"font-family: arial,helvetica,sans-serif;\">Vom gemeinsamen Fliegen profitieren wir, da wir immer voneinander lernen k\u00f6nnen. Neueinsteiger werden au\u00dferdem von den erfahrenen Piloten gern an die Hand genommen. Es gibt aber ausdr\u00fccklich keine Mindestanforderung an das eigene K\u00f6nnen, um bei uns mitmachen zu d\u00fcrfen. Bei den Flugabenden gibt es gelegentlich kurze thematische Einheiten, mit denen wir Pilotenfortbildung betreiben. Nat\u00fcrlich ohne Zwang &#8211; wer Zeit und Lust hat, macht dort mit. Wer keine Zeit hat, geht stattdessen zum Grillen. <\/span><\/p>\n<p><img loading=\"lazy\" decoding=\"async\" class=\" size-full wp-image-37\" style=\"border: 0;\" src=\"https:\/\/fliegergeschwader28.de\/hstws\/wp-content\/uploads\/2009\/01\/main_stuff5.jpg\" width=\"720\" height=\"160\" border=\"0\" \/><\/p>\n<h3><strong><strong><strong><strong><span style=\"color: #ff0000;\">\/<\/span><span style=\"color: #3366ff;\">\/ <\/span><\/strong><\/strong><\/strong><\/strong>&#8222;Fun-Geschwader&#8220;<\/h3>\n<p class=\"text_std\"><span style=\"font-family: arial,helvetica,sans-serif;\">Wir sind ein &#8222;Fun-Geschwader&#8220;, was bedeutet, dass unsere Piloten einen lockeren Umgang pflegen und kaum <a href=\"https:\/\/www.fliegergeschwader28.de\/hstws\/regeln-fuer-piloten-des-fg28\/\">Verpflichtungen<\/a> haben. Insbesondere gibt es bei uns keine feste Befehlshierarchie &#8211; jeder, der m\u00f6chte (und die Erfahrung mitbringt), kann mal einen Einsatz leiten. Wer das noch nie gemacht hat, wird schrittweise an diese Aufgabe herangef\u00fchrt und wer das nicht m\u00f6chte, muss auch nicht.<br \/>\nEine einigerma\u00dfen regelm\u00e4\u00dfige Beteiligung an den Flugabenden erwarten wir nat\u00fcrlich trotz aller Lockerheit. Schlie\u00dflich ist man in einem Geschwader Mitglied, um zu fliegen, und nicht, um sich mit dem Namen zu schm\u00fccken. Da aber das Realleben immer vorgeht, kann man sich bei uns unproblematisch beurlauben lassen, wenn man mal l\u00e4ngere Zeit verhindert sein sollte.<br \/>\nAu\u00dferdem gibt es f\u00fcr Mitglieder die M\u00f6glichkeit, sich als Reservepilot &#8222;in die zweite Reihe zu stellen&#8220;, wenn die Zeit f\u00fcr regelm\u00e4\u00dfiges Fliegen nicht ausreichen sollte.<\/span><\/p>\n<h3><strong><strong><strong><strong><span style=\"color: #ff0000;\">\/<\/span><span style=\"color: #3366ff;\">\/ <\/span><\/strong><\/strong><\/strong><\/strong>Ort und Zeit<\/h3>\n<p class=\"text_std\">Wir treffen uns<a href=\"https:\/\/www.fliegergeschwader28.de\/hstws\/flugtermine-events\/\"> regelm\u00e4\u00dfig<\/a> in der Woche, Abweichungen und andere Termine finden sich im <a href=\"https:\/\/www.fliegergeschwader28.de\/forum\/index.php\" target=\"_blank\" rel=\"noopener noreferrer\">Forum<\/a>.<\/p>\n<h3><strong><strong><strong><strong><span style=\"color: #ff0000;\">\/<\/span><span style=\"color: #3366ff;\">\/ <\/span><\/strong><\/strong><\/strong><\/strong>Mitglied werden<\/h3>\n<p class=\"text_std\">Wenn Dir das alles gef\u00e4llt und Du Interesse hast, Mitglied bei uns zu werden, findest Du <a href=\"https:\/\/www.fliegergeschwader28.de\/hstws\/mitglied-werden\/\">hier<\/a> weitere Informationen.<\/p>\n","protected":false},"excerpt":{"rendered":"<p>\/\/ Kurzinformation Wir: sind leidenschaftliche Flugsimulations- und Flugzeugfans sind ein Geschwader ohne Dienstgrade und Milit\u00e4rrollenspiel fliegen meistens IL-2 Sturmovik: Cliffs of Dover &#8211; Blitz\/Desert Wings &#8211; Tobruk oder Warthunder, gelegentlich IL-2 Sturmovik: Battle of Stalingrad, sowie Rise of Flight sind &hellip;<\/p>\n<p class=\"read-more\"> <a class=\"more-link\" href=\"https:\/\/www.fliegergeschwader28.de\/hstws\/vorstellung-des-fg28\/\"> <span class=\"screen-reader-text\">Vorstellung des FG28<\/span> Read More &raquo;<\/a><\/p>\n","protected":false},"author":1,"featured_media":0,"parent":0,"menu_order":0,"comment_status":"closed","ping_status":"closed","template":"","meta":{"footnotes":""},"class_list":["post-612","page","type-page","status-publish","hentry"],"_links":{"self":[{"href":"https:\/\/www.fliegergeschwader28.de\/hstws\/wp-json\/wp\/v2\/pages\/612","targetHints":{"allow":["GET"]}}],"collection":[{"href":"https:\/\/www.fliegergeschwader28.de\/hstws\/wp-json\/wp\/v2\/pages"}],"about":[{"href":"https:\/\/www.fliegergeschwader28.de\/hstws\/wp-json\/wp\/v2\/types\/page"}],"author":[{"embeddable":true,"href":"https:\/\/www.fliegergeschwader28.de\/hstws\/wp-json\/wp\/v2\/users\/1"}],"replies":[{"embeddable":true,"href":"https:\/\/www.fliegergeschwader28.de\/hstws\/wp-json\/wp\/v2\/comments?post=612"}],"version-history":[{"count":8,"href":"https:\/\/www.fliegergeschwader28.de\/hstws\/wp-json\/wp\/v2\/pages\/612\/revisions"}],"predecessor-version":[{"id":719,"href":"https:\/\/www.fliegergeschwader28.de\/hstws\/wp-json\/wp\/v2\/pages\/612\/revisions\/719"}],"wp:attachment":[{"href":"https:\/\/www.fliegergeschwader28.de\/hstws\/wp-json\/wp\/v2\/media?parent=612"}],"curies":[{"name":"wp","href":"https:\/\/api.w.org\/{rel}","templated":true}]}}