{"id":610,"date":"2018-09-04T16:55:28","date_gmt":"2018-09-04T14:55:28","guid":{"rendered":"https:\/\/www.fliegergeschwader28.de\/hstws\/?page_id=610"},"modified":"2021-09-09T18:06:57","modified_gmt":"2021-09-09T16:06:57","slug":"regeln-fuer-piloten-des-fg28","status":"publish","type":"page","link":"https:\/\/www.fliegergeschwader28.de\/hstws\/regeln-fuer-piloten-des-fg28\/","title":{"rendered":"Regeln f\u00fcr Piloten des FG28"},"content":{"rendered":"<h2>Allgemeine Geschwaderregeln<\/h2>\n<p><strong>1. Kriege sind kein Spiel<\/strong><br \/>\nDie Spiele, die wir spielen, haben grauenhafte Kriege der Menschengeschichte zum Thema. Wir legen gro\u00dfen Wert darauf zu betonen, dass wir weder Geschichtsklitterung betreiben m\u00f6chten, noch dass wir reale Kriege der Vergangenheit oder Gegenwart als Spiel betrachten. Insbesondere bei Diskussionen \u00fcber die Spielszenarien halten wir uns deshalb aus Respekt gegen\u00fcber den Opfern weitgehend zur\u00fcck.<\/p>\n<p><strong>2. Wir spielen fair und als Team!<\/strong><br \/>\nF\u00fcr fliegende Rambos und sonstige Einzelk\u00e4mpfer ist bei uns kein Platz: Absichtliche Kill-Diebst\u00e4hle und &#8222;Schulterschie\u00dfen&#8220; sind tabu &#8211; wir halten unseren Teamkollegen lieber den R\u00fccken frei! Wenn ein Gegner den Kampf erkennbar aufgibt, lassen wir ihn ziehen, denn moralische Siege sind wichtiger als Statistiken. Brennende oder vergleichbar schwer besch\u00e4digte Maschinen sind keine Ziele. Und: Cheater stinken!<\/p>\n<p><strong>3. Der Ton macht die Musik. <\/strong><br \/>\nWer mit dem K\u00fcrzel unseres Geschwaders in Spielen oder im Internet unterwegs ist, ist zu jeder Zeit auch ein Aush\u00e4ngeschild unseres Geschwaders. Wenn es Stress gibt, kl\u00e4ren wir das pers\u00f6nlich und nicht in Chats oder Foren. Beleidigungen sind f\u00fcr uns tabu. Weltanschauliche Fragen besprechen wir per Teamspeak, Telefon oder auf Geschwadertreffen.<\/p>\n<p><strong>4. Gegen Nazis<\/strong> (und andere verfassungsfeindliche Geisteshaltungen)<br \/>\nWir sind klar gegen die nationalsozialistische Ideologie und die Verherrlichung der im Dritten Reich begangenen Gr\u00e4ueltaten. In einem Computerspiel gibt es keine &#8222;historische Korrektheit&#8220;, darum dulden wir auch keine Hakenkreuze oder sonstige verfassungsfeindliche Symbole bspw. auf Flugzeugskins*.<br \/>\nWir m\u00f6gen \u00fcbrigens auch keine Online-Geschwader, die sich mit Nazi-Optik oder den Namen von Nazigr\u00f6\u00dfen &#8222;schm\u00fccken&#8220;, selbst wenn dies keinen Straftatbestand darstellen sollte.<\/p>\n<p><em>*Anmerkung:<br \/>\nDie Verbreitung (bspw. per automatischem Skindownload) von verfassungsfeindlichen Symbolen stellt einen Straftatbestand gem. \u00a786a StGB dar, der entsprechend geahndet werden kann. Insbesondere gelten in einem Computer<strong>spiel<\/strong> nicht die Ausnahmen des \u00a7 86a Abs. 3 StGB.<\/em><\/p>\n<h2>Regeln f\u00fcr die Mitgliedschaft<\/h2>\n<p><strong>1. Geschwaderregeln<\/strong><br \/>\nJeder Pilot hat sich jederzeit an unsere allgemeinen Geschwaderregeln zu halten.<\/p>\n<p><strong>2. Geschwaderk\u00fcrzel<\/strong><br \/>\nJeder Pilot unseres Geschwaders verwendet bei allen Flugsimulationen das K\u00fcrzel FG28_ vor seinem Rufzeichen. Bei allen anderen Computerspielen sowie bei Verwendung des Rufzeichens im Internet (Foren etc.) ist das Geschwaderk\u00fcrzel optional.<\/p>\n<p><strong>3. Aktivit\u00e4t<\/strong><br \/>\nEs gibt bei uns keine Anwesenheitspflicht. Das reale Leben geht in jeder Hinsicht vor. Jeder Pilot beteiligt sich so am Geschwaderleben, wie es seine Zeit zul\u00e4sst. Als grobe Faustregel f\u00fcr ein gesundes Mindestma\u00df an Aktivit\u00e4t sehen wir 1-2 Flugabende im Monat an (es gibt aber immer die M\u00f6glichkeit einer Beurlaubung oder den Reservestatus, siehe unten). Wer kaum mitfliegen kann, sollte sich \u00fcberlegen, wozu er in einem Geschwader ist &#8211; man geht ja auch nicht in eine Fu\u00dfballmannschaft, um nur einmal im Jahr mitzuspielen.<\/p>\n<p><strong>4. Aufnahme<\/strong><br \/>\nWer bei uns Mitglied werden m\u00f6chte, muss mindestens 18 Jahre alt sein (Ausnahmen in Einzelf\u00e4llen m\u00f6glich, wenn dies Konsens unter allen Mitgliedern ist). Die Aufnahme erfolgt immer zuerst als Probemitglied. Nach Teilnahme an 4 Flugabenden wird das Probemitglied automatisch Vollmitglied, solange keines der bisherigen Mitglieder Einw\u00e4nde erhoben hat. Sollte dies hingegen der Fall sein, m\u00fcssen vor einer endg\u00fcltigen Aufnahme zun\u00e4chst die Einw\u00e4nde gekl\u00e4rt werden. Kann kein Konsens erreicht werden, wird die Aufnahme des Probemitgliedes abgelehnt.<\/p>\n<p><strong>5. Mitgliedschaft in anderen Spielgemeinschaften<\/strong><br \/>\nDie parallele Mitgliedschaft in einem anderen virtuellen Geschwader ist nicht erw\u00fcnscht. Die parallele Mitgliedschaft in anderen Spielgemeinschaften (beispielsweise f\u00fcr Strategiespiele oder Egoshooter) steht aber jedem Wolkenst\u00fcrmer offen.<\/p>\n<p><strong>6. Urlaub und Inaktivit\u00e4t<\/strong><br \/>\na) Beurlaubung: Jeder kann sich (ohne Angabe von Gr\u00fcnden) jederzeit eine Auszeit nehmen und wird dann als &#8222;beurlaubt bis&#8230;&#8220; eingestuft. Ein kurzer Hinweis im Forum (bitte mit Angabe der L\u00e4nge der Auszeit!) gen\u00fcgt.<br \/>\nb) Inaktivit\u00e4t: Wer sich l\u00e4nger als einen Monat nicht r\u00fchrt (keine Teilnahme an Flugabenden), wird als &#8222;inaktiv&#8220; eingestuft. Die Inaktivit\u00e4t wird automatisch aufgehoben, wenn sich der Pilot wieder an fliegerischen Aktivit\u00e4ten des Geschwaders beteiligt (ein Besuch des Forums gen\u00fcgt daf\u00fcr nicht). F\u00fcr beurlaubte Piloten gilt die Inaktivit\u00e4tsregelung selbstverst\u00e4ndlich nicht.<\/p>\n<p><strong>7. Ende der Mitgliedschaft<\/strong><br \/>\na) Austritt: Jedes Mitglied kann jederzeit durch schriftliche Erkl\u00e4rung per Post, im Forum oder per Mail seinen Austritt erkl\u00e4ren. Der Austritt wird sofort wirksam.<br \/>\nb) Streichung: Wer l\u00e4nger als einen Monat inaktiv (s.o.) ist, wird von der Pilotenliste gestrichen.<br \/>\nc) Ausschluss: Wer das Geschwader erheblich sch\u00e4digt oder erheblich gegen die Geschwaderregeln verst\u00f6\u00dft, kann auf Antrag eines anderen Mitglieds ausgeschlossen werden. Der Ausschluss wird nur wirksam, wenn sich mindestens 3\/4 aller Mitglieder daf\u00fcr aussprechen.<br \/>\nd) Tod.<\/p>\n<p><strong>8. Wiederaufnahme<\/strong><br \/>\nPiloten, die wegen Inaktivit\u00e4t einmalig von der Liste gestrichen worden sind, werden formlos wieder aufgenommen. Piloten, die mehrmals gestrichen wurden, durchlaufen hingegen das \u00fcbliche Aufnahmeverfahren. \u00dcber die Wiederaufnahme eines gestrichenen Probemitgliedes oder eines nach 7a oder 7c ausgeschiedenen Mitgliedes entscheidet das Geschwader im Einzelfall.<\/p>\n<p><em>Besondere Formen der Mitgliedschaft<\/em><\/p>\n<p><strong>9. Ehrenmitgliedschaft<\/strong><br \/>\nAuf Antrag k\u00f6nnen Nichtmitglieder des FG28 zu Ehrenmitgliedern ernannt werden, wenn sich mindestens 3\/4 aller Mitglieder daf\u00fcr aussprechen. Ehrenmitglieder sind Personen, die sich in ganz besonderer Weise f\u00fcr uns verdient gemacht haben.<br \/>\nSollte ein Ehrenmitglied die (Wieder-)Aufnahme beantragen, wird auf die Probezeit in jedem Fall verzichtet. Aus dem Status als Ehrenmitglied erwachsen neben dem beeindruckenden Titel und der vereinfachten Aufnahme keine zus\u00e4tzlichen Rechte.<\/p>\n<p><strong>10. Reservepiloten<\/strong><br \/>\nPiloten, die langfristig nur \u00fcber eingeschr\u00e4nkte Zeit verf\u00fcgen, aber trotzdem ab und zu mitfliegen, k\u00f6nnen sich als Reservepiloten melden. Reservepiloten unterliegen der Inaktivit\u00e4tsregelung erst bei dreimonatiger Inaktivit\u00e4t, haben bei internen Abstimmungen aber auch kein Stimmrecht. Ein Pilot kann sich jederzeit vom Reservestatus in den Aktivenstatus zur\u00fcckversetzen lassen.<\/p>\n","protected":false},"excerpt":{"rendered":"<p>Allgemeine Geschwaderregeln 1. Kriege sind kein Spiel Die Spiele, die wir spielen, haben grauenhafte Kriege der Menschengeschichte zum Thema. Wir legen gro\u00dfen Wert darauf zu betonen, dass wir weder Geschichtsklitterung betreiben m\u00f6chten, noch dass wir reale Kriege der Vergangenheit oder &hellip;<\/p>\n<p class=\"read-more\"> <a class=\"more-link\" href=\"https:\/\/www.fliegergeschwader28.de\/hstws\/regeln-fuer-piloten-des-fg28\/\"> <span class=\"screen-reader-text\">Regeln f\u00fcr Piloten des FG28<\/span> Read More &raquo;<\/a><\/p>\n","protected":false},"author":1,"featured_media":0,"parent":0,"menu_order":0,"comment_status":"closed","ping_status":"closed","template":"","meta":{"footnotes":""},"class_list":["post-610","page","type-page","status-publish","hentry"],"_links":{"self":[{"href":"https:\/\/www.fliegergeschwader28.de\/hstws\/wp-json\/wp\/v2\/pages\/610","targetHints":{"allow":["GET"]}}],"collection":[{"href":"https:\/\/www.fliegergeschwader28.de\/hstws\/wp-json\/wp\/v2\/pages"}],"about":[{"href":"https:\/\/www.fliegergeschwader28.de\/hstws\/wp-json\/wp\/v2\/types\/page"}],"author":[{"embeddable":true,"href":"https:\/\/www.fliegergeschwader28.de\/hstws\/wp-json\/wp\/v2\/users\/1"}],"replies":[{"embeddable":true,"href":"https:\/\/www.fliegergeschwader28.de\/hstws\/wp-json\/wp\/v2\/comments?post=610"}],"version-history":[{"count":1,"href":"https:\/\/www.fliegergeschwader28.de\/hstws\/wp-json\/wp\/v2\/pages\/610\/revisions"}],"predecessor-version":[{"id":611,"href":"https:\/\/www.fliegergeschwader28.de\/hstws\/wp-json\/wp\/v2\/pages\/610\/revisions\/611"}],"wp:attachment":[{"href":"https:\/\/www.fliegergeschwader28.de\/hstws\/wp-json\/wp\/v2\/media?parent=610"}],"curies":[{"name":"wp","href":"https:\/\/api.w.org\/{rel}","templated":true}]}}