{"id":606,"date":"2018-09-04T16:53:46","date_gmt":"2018-09-04T14:53:46","guid":{"rendered":"https:\/\/www.fliegergeschwader28.de\/hstws\/?page_id=606"},"modified":"2021-09-09T18:06:08","modified_gmt":"2021-09-09T16:06:08","slug":"geschwaderangehoerige","status":"publish","type":"page","link":"https:\/\/www.fliegergeschwader28.de\/hstws\/geschwaderangehoerige\/","title":{"rendered":"Geschwaderangeh\u00f6rige"},"content":{"rendered":"<p><strong>Geschwaderkommodore<\/strong><\/p>\n<p><strong>FG28_Eduard<\/strong><\/p>\n<p>Beim FG28 seit: 06.12.2004<\/p>\n<p>Besonderes:<br \/>\nErstes Einhorn der Welt, das ein Geschwader leitet.<\/p>\n<p>&nbsp;<\/p>\n<hr size=\"2\" width=\"100%\" \/>\n<p><strong>Einsatzpiloten<\/strong> (alphabetisch)<strong><br \/>\n<\/strong><\/p>\n<p><strong>FG28_Artist<\/strong><\/p>\n<p>Beim FG28 seit: 24.03.2013<\/p>\n<p>&nbsp;<\/p>\n<p><strong>FG28_Ceasar87<\/strong><\/p>\n<p>Beim FG28 seit: 09.03.2016<\/p>\n<p>&nbsp;<\/p>\n<p><strong>FG28_DerDa<\/strong><\/p>\n<p>Beim FG28 seit: 12.10.2014<\/p>\n<p>&nbsp;<\/p>\n<p><strong>FG28_Dostal<\/strong><\/p>\n<p>Beim FG28 seit: 09.08.2018<\/p>\n<p>&nbsp;<\/p>\n<p><strong>FG28_Kayo<\/strong><\/p>\n<p>Beim FG28 seit: 07.09.2017<\/p>\n<p>&nbsp;<\/p>\n<p><strong>FG28_Maru<\/strong><\/p>\n<p>Beim FG28 seit: 19.05.2016<\/p>\n<p>&nbsp;<\/p>\n<p><strong>FG28_matkenhaus<\/strong><\/p>\n<p>Beim FG28 seit: 10.10.2007<\/p>\n<p>Besonderes:<br \/>\n&#8211; vergisst gerne, die Klappen einzufahren<\/p>\n<p>&nbsp;<\/p>\n<p><strong>FG28_Monk<\/strong><\/p>\n<p>Beim FG28 seit: 01.03.2016<\/p>\n<p>&nbsp;<\/p>\n<p><strong>FG28_Peterace<\/strong><\/p>\n<p>Beim FG28 seit: 15.03.2004<br \/>\n(Gr\u00fcndungsmitglied)<\/p>\n<p>Besonderes:<br \/>\n&#8211; ber\u00fcchtigter \u00f6sterreichischer Rammj\u00e4ger<\/p>\n<p>&nbsp;<\/p>\n<p><strong>FG28_Randy<\/strong><\/p>\n<p>Beim FG28 seit: 15.03.2004<br \/>\n(Gr\u00fcndungsmitglied)<\/p>\n<p>Besonderes:<br \/>\n&#8211; f\u00fcr KI-Piloten bevorzugtes Ziel<\/p>\n<p>&nbsp;<\/p>\n<p><strong>FG28_Wookiee<\/strong><\/p>\n<p>Beim FG28 seit: 11.03.2009<\/p>\n<p>Besonderes:<br \/>\n&#8211; beherrscht als einziger Wookiee im gesamten Universum das &#8222;Offensiv-Trudeln&#8220;<\/p>\n<p>&nbsp;<\/p>\n<hr \/>\n<p><strong>Reserve<\/strong><\/p>\n<p><strong>FG28_Bear<\/strong><\/p>\n<p>Beim FG28 seit: 01.09.2006<\/p>\n<p>Besonderes:<br \/>\n&#8211; niemand toppt Bears FAB1000<\/p>\n<p>&nbsp;<\/p>\n<p><b>FG28_Drakon<\/b><\/p>\n<p>Beim FG28 seit: 18.10.2007<\/p>\n<p>Besonderes:<br \/>\n&#8211; aus unerkl\u00e4rlichen Gr\u00fcnden m\u00f6chte beim Start selten jemand in Drakons N\u00e4he stehen<\/p>\n<p>&nbsp;<\/p>\n<p><strong>FG28_Hellfire<\/strong><\/p>\n<p>Beim FG28 seit: 11.03.2009<\/p>\n<p>Besonderes:<br \/>\n&#8211; der Geschwader-Grillmeister<\/p>\n<p>&nbsp;<\/p>\n<p><strong>FG28_Kodiak<\/strong><\/p>\n<p>Beim FG28 seit: 28.06.2007<\/p>\n<p>Besonderes:<br \/>\n&#8211; Sarkasmus ist sein zweiter Name<br \/>\n&#8211; kennt den Code von Cliffs of Dover scheinbar besser als die Entwickler<\/p>\n<p>&nbsp;<\/p>\n<p><!--\n\n\n<tr>\n\n\n<td align=\"center\"><img loading=\"lazy\" decoding=\"async\" class=\" size-full wp-image-25 size-full wp-image-25\" src=\"https:\/\/fliegergeschwader28.de\/hstws\/wp-content\/uploads\/2009\/01\/signaturbanner_flipper.jpg\" mce_src=\"https:\/\/fliegergeschwader28.de\/hstws\/wp-content\/uploads\/2009\/01\/signaturbanner_flipper.jpg\" border=\"0\" width=\"425\" height=\"85\" srcset=\"https:\/\/www.fliegergeschwader28.de\/hstws\/wp-content\/uploads\/2009\/01\/signaturbanner_flipper.jpg 425w, https:\/\/www.fliegergeschwader28.de\/hstws\/wp-content\/uploads\/2009\/01\/signaturbanner_flipper-300x60.jpg 300w\" sizes=\"auto, (max-width: 425px) 100vw, 425px\" \/><\/td>\n\n\n\n\n<td width=\"10px\"><\/td>\n\n\n\n\n<td align=\"left\"><b>FG28_Flipper<\/b>\n\nBeim FG28 seit: 26.08.2009\n\nBesonderes:\n- \"\u00c4hm, ich habe da ein Problem mit der Installation...\"<\/td>\n\n\n<\/tr>\n\n\n--> <!--\n\n\n<tr>\n\n\n<td align=\"center\"><img loading=\"lazy\" decoding=\"async\" class=\" size-full wp-image-26 size-full wp-image-26\" src=\"https:\/\/fliegergeschwader28.de\/hstws\/wp-content\/uploads\/2009\/01\/signaturbanner_senshi.jpg\" mce_src=\"https:\/\/fliegergeschwader28.de\/hstws\/wp-content\/uploads\/2009\/01\/signaturbanner_senshi.jpg\" border=\"0\" width=\"425\" height=\"85\" srcset=\"https:\/\/www.fliegergeschwader28.de\/hstws\/wp-content\/uploads\/2009\/01\/signaturbanner_senshi.jpg 425w, https:\/\/www.fliegergeschwader28.de\/hstws\/wp-content\/uploads\/2009\/01\/signaturbanner_senshi-300x60.jpg 300w\" sizes=\"auto, (max-width: 425px) 100vw, 425px\" \/><\/td>\n\n\n\n\n<td width=\"10px\"><\/td>\n\n\n\n\n<td align=\"left\"><b>FG28_Senshi<\/b>\n\nBeim FG28 seit: 01.07.2006\n\nBesonderes:\n- das <a href=\"http:\/\/www.youtube.com\/watch?v=Q1YVfNR0Vrs\" mce_href=\"http:\/\/www.youtube.com\/watch?v=Q1YVfNR0Vrs\" target=\"_blank\" rel=\"noopener\">Video<\/a> spricht f\u00fcr sich<\/td>\n\n\n<\/tr>\n\n\n--><\/p>\n<hr \/>\n<p><!--\n\n<b>Probemitglieder<\/b>\n\n\n\n<hr \/>\n\n\n\n\n\n<tr>\n\n\n<td align=\"center\"><img loading=\"lazy\" decoding=\"async\" class=\" size-full wp-image-27 size-full wp-image-27\" src=\"https:\/\/fliegergeschwader28.de\/hstws\/wp-content\/uploads\/2009\/01\/signaturbanner_eraser.jpg\" mce_src=\"https:\/\/fliegergeschwader28.de\/hstws\/wp-content\/uploads\/2009\/01\/signaturbanner_eraser.jpg\" border=\"0\" width=\"425\" height=\"85\" srcset=\"https:\/\/www.fliegergeschwader28.de\/hstws\/wp-content\/uploads\/2009\/01\/signaturbanner_eraser.jpg 425w, https:\/\/www.fliegergeschwader28.de\/hstws\/wp-content\/uploads\/2009\/01\/signaturbanner_eraser-300x60.jpg 300w\" sizes=\"auto, (max-width: 425px) 100vw, 425px\" \/><\/td>\n\n\n\n\n<td width=\"10px\"><\/td>\n\n\n\n\n<td align=\"left\"><b>FG28_ERASER<\/b>\n\nBeim FG28 seit: 01.07.2004\n\nBesonderes:\n- im Herzen ein Klingone\n- wandelndes Flugzeuglexikon<\/td>\n\n\n<\/tr>\n\n\n--><\/p>\n<p><strong>Ehrenmitglieder<\/strong><\/p>\n<p>Darth (Gr\u00fcndungsmitglied)<\/p>\n<p>Sprenger<\/p>\n","protected":false},"excerpt":{"rendered":"<p>Geschwaderkommodore FG28_Eduard Beim FG28 seit: 06.12.2004 Besonderes: Erstes Einhorn der Welt, das ein Geschwader leitet. &nbsp; Einsatzpiloten (alphabetisch) FG28_Artist Beim FG28 seit: 24.03.2013 &nbsp; FG28_Ceasar87 Beim FG28 seit: 09.03.2016 &nbsp; FG28_DerDa Beim FG28 seit: 12.10.2014 &nbsp; FG28_Dostal Beim FG28 seit: &hellip;<\/p>\n<p class=\"read-more\"> <a class=\"more-link\" href=\"https:\/\/www.fliegergeschwader28.de\/hstws\/geschwaderangehoerige\/\"> <span class=\"screen-reader-text\">Geschwaderangeh\u00f6rige<\/span> Read More &raquo;<\/a><\/p>\n","protected":false},"author":1,"featured_media":0,"parent":0,"menu_order":0,"comment_status":"closed","ping_status":"closed","template":"","meta":{"footnotes":""},"class_list":["post-606","page","type-page","status-publish","hentry"],"_links":{"self":[{"href":"https:\/\/www.fliegergeschwader28.de\/hstws\/wp-json\/wp\/v2\/pages\/606","targetHints":{"allow":["GET"]}}],"collection":[{"href":"https:\/\/www.fliegergeschwader28.de\/hstws\/wp-json\/wp\/v2\/pages"}],"about":[{"href":"https:\/\/www.fliegergeschwader28.de\/hstws\/wp-json\/wp\/v2\/types\/page"}],"author":[{"embeddable":true,"href":"https:\/\/www.fliegergeschwader28.de\/hstws\/wp-json\/wp\/v2\/users\/1"}],"replies":[{"embeddable":true,"href":"https:\/\/www.fliegergeschwader28.de\/hstws\/wp-json\/wp\/v2\/comments?post=606"}],"version-history":[{"count":2,"href":"https:\/\/www.fliegergeschwader28.de\/hstws\/wp-json\/wp\/v2\/pages\/606\/revisions"}],"predecessor-version":[{"id":893,"href":"https:\/\/www.fliegergeschwader28.de\/hstws\/wp-json\/wp\/v2\/pages\/606\/revisions\/893"}],"wp:attachment":[{"href":"https:\/\/www.fliegergeschwader28.de\/hstws\/wp-json\/wp\/v2\/media?parent=606"}],"curies":[{"name":"wp","href":"https:\/\/api.w.org\/{rel}","templated":true}]}}