{"id":604,"date":"2018-09-04T16:52:57","date_gmt":"2018-09-04T14:52:57","guid":{"rendered":"https:\/\/www.fliegergeschwader28.de\/hstws\/?page_id=604"},"modified":"2021-09-09T18:05:54","modified_gmt":"2021-09-09T16:05:54","slug":"geschichte-des-fg28","status":"publish","type":"page","link":"https:\/\/www.fliegergeschwader28.de\/hstws\/geschichte-des-fg28\/","title":{"rendered":"Geschichte des FG28"},"content":{"rendered":"<p><em class=\"system-pagebreak\"><img loading=\"lazy\" decoding=\"async\" class=\" size-full wp-image-4\" src=\"https:\/\/fliegergeschwader28.de\/hstws\/wp-content\/uploads\/2009\/01\/main_wappenhistorie.png\" width=\"720\" height=\"105\" border=\"0\" srcset=\"https:\/\/www.fliegergeschwader28.de\/hstws\/wp-content\/uploads\/2009\/01\/main_wappenhistorie.png 720w, https:\/\/www.fliegergeschwader28.de\/hstws\/wp-content\/uploads\/2009\/01\/main_wappenhistorie-300x44.png 300w\" sizes=\"auto, (max-width: 720px) 100vw, 720px\" \/><br \/>\n<\/em><em>Die Entwicklung unseres Geschwaderwappens von 2004 bis heute<br \/>\n<\/em><\/p>\n<h3><strong><span style=\"color: #ff0000;\">\/<\/span><span style=\"color: #3366ff;\">\/<\/span> 2004: Gr\u00fcndung und Neuanfang<\/strong><\/h3>\n<p class=\"text_std\" style=\"text-align: justify;\"><span style=\"font-family: arial,helvetica,sans-serif;\">Das Fliegergeschwader 28 besteht seit dem <strong>15. M\u00e4rz 2004<\/strong>. Damals kamen einige aktive Spieler des <a title=\"Wargamer Project [WGP]\" href=\"http:\/\/www.wargamer-project.de\" target=\"_blank\" rel=\"noopener noreferrer\">Wargamer Project<\/a> (Darth, Peterace, Randora, Warthog) auf die Idee, eine eigene IL-2: 1946-Staffel zu gr\u00fcnden.<br \/>\n<\/span><\/p>\n<p class=\"text_std\" style=\"text-align: justify;\"><span style=\"font-family: arial,helvetica,sans-serif;\">Den urspr\u00fcnglichen Namen &#8222;Jagdgeschwader 28&#8220; suchten wir uns aus, weil es kein historisch vorbelastetes Geschwader unter diesem Namen gab (das historische JG28 existierte nur sehr kurze Zeit und wurde dann in das JG51 eingegliedert). Der Beiname &#8222;Wolkenst\u00fcrmer&#8220; gefiel uns, weil er auch nicht vorbelastet ist, aber trotzdem einen direkten Bezug zur Fliegerei besitzt.<\/span><\/p>\n<p><img loading=\"lazy\" decoding=\"async\" class=\" size-full wp-image-5\" style=\"border: 0;\" src=\"https:\/\/fliegergeschwader28.de\/hstws\/wp-content\/uploads\/2009\/01\/geschichte_randora109.jpg\" width=\"720\" height=\"160\" border=\"0\" srcset=\"https:\/\/www.fliegergeschwader28.de\/hstws\/wp-content\/uploads\/2009\/01\/geschichte_randora109.jpg 720w, https:\/\/www.fliegergeschwader28.de\/hstws\/wp-content\/uploads\/2009\/01\/geschichte_randora109-300x67.jpg 300w\" sizes=\"auto, (max-width: 720px) 100vw, 720px\" \/><em><br \/>\nJG28_Randora (sp\u00e4ter JG28_Randy), Geschwaderkommodore (2004)<\/em><\/p>\n<p class=\"text_std\" style=\"text-align: justify;\"><span style=\"font-family: arial,helvetica,sans-serif;\">Das JG28 war zu seiner Anfangszeit hierarchisch nach dem Vorbild eines historischen Luftwaffengeschwaders aufgebaut. Es gab Dienstgrade, einen F\u00fchrungsstab sowie eine Aufnahmepr\u00fcfung f\u00fcr Neumitglieder.<br \/>\nDas Geschwader flog mit viel Disziplin erfolgreich gemeinsame Jagd- und Jaboeins\u00e4tze auf diversen Dogfight-Servern, au\u00dferdem ab und zu interne Coop-Missionen.<\/span><\/p>\n<p><img loading=\"lazy\" decoding=\"async\" class=\" size-full wp-image-6\" style=\"border: 0;\" src=\"https:\/\/fliegergeschwader28.de\/hstws\/wp-content\/uploads\/2009\/01\/geschichte_peterace109.jpg\" width=\"720\" height=\"160\" border=\"0\" srcset=\"https:\/\/www.fliegergeschwader28.de\/hstws\/wp-content\/uploads\/2009\/01\/geschichte_peterace109.jpg 720w, https:\/\/www.fliegergeschwader28.de\/hstws\/wp-content\/uploads\/2009\/01\/geschichte_peterace109-300x67.jpg 300w\" sizes=\"auto, (max-width: 720px) 100vw, 720px\" \/><em><br \/>\nJG28_Peterace, Schwarmf\u00fchrer Schwarm Blau (2004)<\/em><\/p>\n<p class=\"text_std\" style=\"text-align: justify;\"><span style=\"font-family: arial,helvetica,sans-serif;\">Da sich die hierarchische Konzeption und die verh\u00e4ltnism\u00e4\u00dfig harte Aufnahmepr\u00fcfung zum Konfliktthema entwickelten und ein anderes Geschwader diese Konflikte ausnutzte, indem es einige Mitglieder von uns abwarb, beschlossen wir am <strong>6. Dezember 2004<\/strong>, einen Neuanfang zu wagen. Seitdem versteht sich unser Geschwader als &#8222;Fungeschwader&#8220;.<br \/>\n<\/span><\/p>\n<h3><strong><span style=\"color: #ff0000;\">\/<\/span><span style=\"color: #3366ff;\">\/<\/span> 2005: Im Zeichen des Eduard<\/strong><\/h3>\n<p class=\"text_std\" style=\"text-align: justify;\"><span style=\"font-family: arial,helvetica,sans-serif;\">Der Neuanfang (\u00fcbrigens auch seitdem im Zeichen und unter dem &#8222;Kommando&#8220; unseres Wappeneinhorns <em>Eduard<\/em> und mit rotblauen Rumpfb\u00e4ndern unterwegs) erwies sich als Erfolg &#8211; 2005 mussten wir aber wegen der vorangegangenen vielen Austritte zun\u00e4chst eine <\/span><span style=\"font-family: arial,helvetica,sans-serif;\">Durststrecke \u00fcberwinden. <\/span><\/p>\n<p><img loading=\"lazy\" decoding=\"async\" class=\" size-full wp-image-7\" style=\"border: 0;\" src=\"https:\/\/fliegergeschwader28.de\/hstws\/wp-content\/uploads\/2009\/01\/geschichte_geburtstag1.jpg\" width=\"720\" height=\"160\" border=\"0\" srcset=\"https:\/\/www.fliegergeschwader28.de\/hstws\/wp-content\/uploads\/2009\/01\/geschichte_geburtstag1.jpg 720w, https:\/\/www.fliegergeschwader28.de\/hstws\/wp-content\/uploads\/2009\/01\/geschichte_geburtstag1-300x67.jpg 300w\" sizes=\"auto, (max-width: 720px) 100vw, 720px\" \/><em><br \/>\nErster Geburtstag des JG28 (M\u00e4rz 2005)<\/em><\/p>\n<p><span style=\"font-family: arial,helvetica,sans-serif;\">Erst Ende 2005 hatte unser Geschwader sich vom Umbruch weitgehend erholt und erfreute sich wieder eines stetigen Zulaufs. Viele kamen, einige davon blieben und bildeten gemeinsam mit den Veteranen des JG28 einen festen Kern.<\/span><\/p>\n<h3><strong><span style=\"color: #ff0000;\">\/<\/span><span style=\"color: #3366ff;\">\/<\/span> 2006: \u00dcben, Fliegen, Feiern<\/strong><\/h3>\n<p>2006 f\u00fchrten wir ein neues Wappen ein, das bis heute im Wesentlichen unver\u00e4ndert geblieben ist. Eduard wurde in diesem Wappen \u00fcbrigens von Randy handgezeichnet.<br \/>\nDas Jahr 2006 haben wir damit verbracht, unsere F\u00e4higkeiten zu verbessern und unsere Interessen deutlicher herauszubilden. In dieser Zeit haben wir an unz\u00e4hligen Events teilgenommen, eigene Trainingskampagnen gespielt und auch an verschiedenen Offline-Treffen der IL2-Community teilgenommen. An manchen Flugabenden waren zu dieser Zeit deutlich \u00fcber 10 JG28-Piloten anwesend.<\/p>\n<h3><strong><span style=\"color: #ff0000;\">\/<\/span><span style=\"color: #3366ff;\">\/<\/span> 2007: Weiter geht&#8217;s<\/strong><\/h3>\n<p>2007 nahmen wir erstmalig am Lowland Tiger Meet teil. Die legend\u00e4re (aber leider nur durchschnittlich talentierte) Pommesrotte wurde gegr\u00fcndet. Das JG28 trainierte in diesem Jahr gleicherma\u00dfen Jagd-, Jabo- und Bombereins\u00e4tze und flog diverse Dogfight- und Coop-Missionen.<\/p>\n<h3><strong><span style=\"color: #ff0000;\">\/<\/span><span style=\"color: #3366ff;\">\/<\/span> 2008: Umbenennung in &#8222;Fliegergeschwader 28&#8220;<\/strong><\/h3>\n<p class=\"text_std\" style=\"text-align: justify;\"><span style=\"font-family: arial,helvetica,sans-serif;\">Zum 1. Januar 2008 kam schlie\u00dflich eine weitere \u00c4nderung hinzu: Da wir ja nicht nur auf Jagdflugzeuge festgelegt sind, \u00e4nderten wir unseren Geschwadernamen auf &#8222;Fliegergeschwader&#8220;. Au\u00dferdem hat dieser neue Name den Vorteil, dass es in der Luftwaffe nie ein &#8222;Fliegergeschwader&#8220; gab und wir somit durch unseren Namen nicht mehr sofort in den Topf der unz\u00e4hligen deutschen Online-Jagdgeschwader geworfen werden.<\/span><\/p>\n<h3><strong><span style=\"color: #ff0000;\">\/<\/span><span style=\"color: #3366ff;\">\/<\/span> 2009: F\u00fcnf Jahre Wolkenst\u00fcrmer<\/strong><\/h3>\n<p>Zum f\u00fcnften Geburtstag unseres Geschwaders trafen wir uns im April 2009 beim Lowland Tiger Meet in Ahaus. Au\u00dferdem nahmen wir 2009 an diversen Events und der j\u00e4hrlichen Sauerland-LAN teil.<\/p>\n<p><img loading=\"lazy\" decoding=\"async\" class=\" size-full wp-image-8\" style=\"border: 0;\" src=\"https:\/\/fliegergeschwader28.de\/hstws\/wp-content\/uploads\/2009\/01\/geschichte_lltm2009.jpg\" width=\"720\" height=\"160\" border=\"0\" srcset=\"https:\/\/www.fliegergeschwader28.de\/hstws\/wp-content\/uploads\/2009\/01\/geschichte_lltm2009.jpg 720w, https:\/\/www.fliegergeschwader28.de\/hstws\/wp-content\/uploads\/2009\/01\/geschichte_lltm2009-300x67.jpg 300w\" sizes=\"auto, (max-width: 720px) 100vw, 720px\" \/><br \/>\n<em>FG28 beim Lowland Tiger Meet 2009, v.l.: ERASER, Wookiee, Peterace, Eduard, matkenhauser, Bear, Randy<br \/>\n<\/em><\/p>\n<p>Au\u00dferdem \u00fcberarbeiteten wir 2009 unser Corporate Design. Seitdem verwenden wir schwerpunktm\u00e4\u00dfig Grauschattierungen und das (meistens um 28\u00b0 geneigte) rot-blaue Rumpfband als erg\u00e4nzendes Gestaltungselement. Das Wappen wurde leicht \u00fcberarbeitet, um Einheitlichkeit bei den verwendeten Farbt\u00f6nen herzustellen.<\/p>\n<h3><strong><span style=\"color: #ff0000;\">\/<\/span><span style=\"color: #3366ff;\">\/<\/span> 2010: Fliegen &amp; Fliegerei<\/strong><\/h3>\n<p>2010 stand f\u00fcr uns im Zeichen der Vorfreude auf den angek\u00fcndigten 1946-Nachfolger &#8222;Cliffs of Dover&#8220;. Auch 2010 nahmen wir an vielen Online- und Offline-Events teil, beispielsweise Lowland Tiger Meet, Sauerland-LAN und Airshow Breitscheid.<\/p>\n<h3><strong><span style=\"color: #ff0000;\">\/<\/span><span style=\"color: #3366ff;\">\/<\/span> 2011: LLTM &amp; kurzer Umstieg auf Rise of Flight<\/strong><\/h3>\n<p>Im April 2011 belegten wir bei der IL-2 Skills Competition des &#8211; vorl\u00e4ufig letzten &#8211; Lowland Tiger Meet den ersten Platz. Im Mai 2011 nahmen wir wieder an der Sauerland-LAN teil.<\/p>\n<p>Nachdem unser Geschwader lange Jahre IL-2: 1946 geflogen war, beschlossen wir im August 2011, prim\u00e4r auf die Flugsimulation Rise of Flight umzusteigen. Der angek\u00fcndigte Nachfolger IL-2: Cliffs of Dover, erschienen im April 2011, hatte unsere Erwartungen leider nicht erf\u00fcllt und war zu diesem Zeitpunkt nicht geeignet, die Nachfolge von IL-2: 1946 anzutreten.<\/p>\n<p class=\"text_std\" style=\"text-align: justify;\"><img loading=\"lazy\" decoding=\"async\" class=\" size-full wp-image-9\" src=\"https:\/\/fliegergeschwader28.de\/hstws\/wp-content\/uploads\/2009\/01\/geschichte_albatros.jpg\" width=\"720\" height=\"160\" border=\"0\" srcset=\"https:\/\/www.fliegergeschwader28.de\/hstws\/wp-content\/uploads\/2009\/01\/geschichte_albatros.jpg 720w, https:\/\/www.fliegergeschwader28.de\/hstws\/wp-content\/uploads\/2009\/01\/geschichte_albatros-300x67.jpg 300w\" sizes=\"auto, (max-width: 720px) 100vw, 720px\" \/><br \/>\n<em>FG28 unterwegs mit Rise of Flight (2011)<\/em><\/p>\n<p>Nach anf\u00e4nglicher Euphorie stellte sich bei uns in Bezug auf Rise of Flight jedoch allgemeine Ern\u00fcchterung ein &#8211; das Szenario langweilte uns f\u00fcr regelm\u00e4\u00dfige Flugabende dann doch zu sehr. So beschlossen wir Ende 2011, zu Rise of Flight k\u00fcnftig nur noch kurze Ausfl\u00fcge zu unternehmen, uns ansonsten aber wieder auf unser &#8222;Kerngesch\u00e4ft&#8220;, das WW2-Szenario, zu besinnen.<\/p>\n<h3><strong><span style=\"color: #ff0000;\">\/<\/span><span style=\"color: #3366ff;\">\/<\/span> 2012: Back to the roots<\/strong><\/h3>\n<p>Da weder Rise of Flight noch Cliffs of Dover uns langfristig begeistern konnten, kehrten wir 2012 &#8211; leider mittlerweile um ein paar Piloten geschrumpft &#8211; wieder zu unseren Wurzeln zur\u00fcck. So fliegen wir nun wieder regelm\u00e4\u00dfig IL-2 Sturmovik: 1946.<br \/>\n<img loading=\"lazy\" decoding=\"async\" class=\" size-full wp-image-10\" style=\"border: 0;\" src=\"https:\/\/fliegergeschwader28.de\/hstws\/wp-content\/uploads\/2009\/01\/geschichte_training2012.jpg\" width=\"720\" height=\"160\" border=\"0\" srcset=\"https:\/\/www.fliegergeschwader28.de\/hstws\/wp-content\/uploads\/2009\/01\/geschichte_training2012.jpg 720w, https:\/\/www.fliegergeschwader28.de\/hstws\/wp-content\/uploads\/2009\/01\/geschichte_training2012-300x67.jpg 300w\" sizes=\"auto, (max-width: 720px) 100vw, 720px\" \/><br \/>\n<em>FG28-Stukatraining (2012)<\/em><\/p>\n<p>IL-2 Sturmovik: 1946 hatte sich langfristig bew\u00e4hrt und wurde im Gegensatz zum seinerzeitigen Cliffs of Dover auch noch weiterentwickelt.<br \/>\nAuch 2012 nahmen wir an diversen Online- und Offline-Veranstaltungen teil, so beispielsweise an der Sauerland-LAN oder der Airshow Breitscheid.<\/p>\n<h3><strong><span style=\"color: #ff0000;\">\/<\/span><span style=\"color: #3366ff;\">\/<\/span> 2014: 10-j\u00e4hriges Jubil\u00e4um<\/strong><\/h3>\n<p>In 2014 besteht das FG28 seit 10 Jahren. Geflogen wird mittlerweile gar kein IL-2 Sturmovik: 1946 mehr, statt dessen IL-2 Sturmovik: Cliffs of Dover in der Team-Fusion-Patch-Version und Warthunder. IL-2 Sturmovik: Battle of Stalingrad sowie Rise of Flight wird unregelm\u00e4\u00dfiger gespielt, hat jedoch im Geschwader jeweils seine Anh\u00e4nger. Seit 2020 sind wir mit IL-2 Sturmovik: Desert Wings Tobruk auch in der W\u00fcste am Start.<br \/>\n<img loading=\"lazy\" decoding=\"async\" class=\"alignnone size-full wp-image-698\" src=\"https:\/\/www.fliegergeschwader28.de\/hstws\/wp-content\/uploads\/2020\/10\/fg28_historie1.jpg\" alt=\"\" width=\"720\" height=\"160\" srcset=\"https:\/\/www.fliegergeschwader28.de\/hstws\/wp-content\/uploads\/2020\/10\/fg28_historie1.jpg 720w, https:\/\/www.fliegergeschwader28.de\/hstws\/wp-content\/uploads\/2020\/10\/fg28_historie1-300x67.jpg 300w, https:\/\/www.fliegergeschwader28.de\/hstws\/wp-content\/uploads\/2020\/10\/fg28_historie1-100x22.jpg 100w, https:\/\/www.fliegergeschwader28.de\/hstws\/wp-content\/uploads\/2020\/10\/fg28_historie1-150x33.jpg 150w, https:\/\/www.fliegergeschwader28.de\/hstws\/wp-content\/uploads\/2020\/10\/fg28_historie1-200x44.jpg 200w, https:\/\/www.fliegergeschwader28.de\/hstws\/wp-content\/uploads\/2020\/10\/fg28_historie1-450x100.jpg 450w, https:\/\/www.fliegergeschwader28.de\/hstws\/wp-content\/uploads\/2020\/10\/fg28_historie1-600x133.jpg 600w\" sizes=\"auto, (max-width: 720px) 100vw, 720px\" \/><\/p>\n<h3><strong><span style=\"color: #ff0000;\">\/<\/span><span style=\"color: #3366ff;\">\/<\/span> Der Sonne entgegen!<\/strong><\/h3>\n<p class=\"text_std\" style=\"text-align: justify;\"><span style=\"font-family: arial,helvetica,sans-serif;\">Wir blicken gern auf unsere bewegte Vergangenheit zur\u00fcck, und wir sind auch ein bisschen stolz, dass wir es so weit geschafft haben, da viele junge Geschwader leider nicht \u00e4lter als einige Monate werden.<br \/>\nEin relativ kleiner, aber fester Kern von Piloten fliegt regelm\u00e4\u00dfig gemeinsame spannende Missionen, es finden auch Treffen au\u00dferhalb der virtuellen Umgebung statt, und in unserem Forum liest man t\u00e4glich allerlei Sinn und Unsinn. <\/span><\/p>\n<p class=\"text_std\" style=\"text-align: justify;\"><span style=\"font-family: arial,helvetica,sans-serif;\">M\u00f6ge es auch in Zukunft weiterhin traditionell hei\u00dfen: <strong>&#8222;Der Sonne entgegen!&#8220;<\/strong><\/span><\/p>\n","protected":false},"excerpt":{"rendered":"<p>Die Entwicklung unseres Geschwaderwappens von 2004 bis heute \/\/ 2004: Gr\u00fcndung und Neuanfang Das Fliegergeschwader 28 besteht seit dem 15. M\u00e4rz 2004. Damals kamen einige aktive Spieler des Wargamer Project (Darth, Peterace, Randora, Warthog) auf die Idee, eine eigene IL-2: &hellip;<\/p>\n<p class=\"read-more\"> <a class=\"more-link\" href=\"https:\/\/www.fliegergeschwader28.de\/hstws\/geschichte-des-fg28\/\"> <span class=\"screen-reader-text\">Geschichte des FG28<\/span> Read More &raquo;<\/a><\/p>\n","protected":false},"author":1,"featured_media":0,"parent":0,"menu_order":0,"comment_status":"closed","ping_status":"closed","template":"","meta":{"footnotes":""},"class_list":["post-604","page","type-page","status-publish","hentry"],"_links":{"self":[{"href":"https:\/\/www.fliegergeschwader28.de\/hstws\/wp-json\/wp\/v2\/pages\/604","targetHints":{"allow":["GET"]}}],"collection":[{"href":"https:\/\/www.fliegergeschwader28.de\/hstws\/wp-json\/wp\/v2\/pages"}],"about":[{"href":"https:\/\/www.fliegergeschwader28.de\/hstws\/wp-json\/wp\/v2\/types\/page"}],"author":[{"embeddable":true,"href":"https:\/\/www.fliegergeschwader28.de\/hstws\/wp-json\/wp\/v2\/users\/1"}],"replies":[{"embeddable":true,"href":"https:\/\/www.fliegergeschwader28.de\/hstws\/wp-json\/wp\/v2\/comments?post=604"}],"version-history":[{"count":4,"href":"https:\/\/www.fliegergeschwader28.de\/hstws\/wp-json\/wp\/v2\/pages\/604\/revisions"}],"predecessor-version":[{"id":721,"href":"https:\/\/www.fliegergeschwader28.de\/hstws\/wp-json\/wp\/v2\/pages\/604\/revisions\/721"}],"wp:attachment":[{"href":"https:\/\/www.fliegergeschwader28.de\/hstws\/wp-json\/wp\/v2\/media?parent=604"}],"curies":[{"name":"wp","href":"https:\/\/api.w.org\/{rel}","templated":true}]}}