{"id":602,"date":"2018-09-04T16:52:13","date_gmt":"2018-09-04T14:52:13","guid":{"rendered":"https:\/\/www.fliegergeschwader28.de\/hstws\/?page_id=602"},"modified":"2021-09-09T18:05:22","modified_gmt":"2021-09-09T16:05:22","slug":"flugtermine-events","status":"publish","type":"page","link":"https:\/\/www.fliegergeschwader28.de\/hstws\/flugtermine-events\/","title":{"rendered":"Flugtermine &#038; Events"},"content":{"rendered":"<p><img loading=\"lazy\" decoding=\"async\" class=\" size-full wp-image-148\" src=\"https:\/\/fliegergeschwader28.de\/hstws\/wp-content\/uploads\/2011\/06\/main_stuff3.jpg\" width=\"720\" height=\"160\" border=\"0\" \/><\/p>\n<h3><strong><span style=\"color: #ff0000;\">\/<\/span><span style=\"color: #3366ff;\">\/ <\/span>Unsere Flugtermine<\/strong><\/h3>\n<p>Zur Zeit treffen wir uns \u00fcblicherweise zu folgenden Terminen:<\/p>\n<table border=\"0\" cellpadding=\"5\">\n<tbody>\n<tr>\n<td><strong>Dienstags<\/strong><\/td>\n<td>ab 21:00 Uhr<\/td>\n<\/tr>\n<tr>\n<td><strong>Mittwochs<\/strong><\/td>\n<td>ab 20:00 Uhr<\/td>\n<\/tr>\n<tr>\n<td><strong>Sonntags<\/strong><\/td>\n<td>ab 09:00 Uhr<\/td>\n<\/tr>\n<tr>\n<td><strong>Andere Termine<\/strong><\/td>\n<td>&#8211; nach Vereinbarung &#8211;<\/td>\n<\/tr>\n<\/tbody>\n<\/table>\n<p>Geflogen wir an den festen Terminen i.d.R. IL-2 Sturmovik: Cliffs of Dover, am Mittwoch oft auch Warthunder.<\/p>\n<p>Andere Termine vereinbaren wir im Forum.<\/p>\n<p>Grunds\u00e4tzlich treffen wir uns zur angebenen Uhrzeit auf unserem <a href=\"https:\/\/www.fliegergeschwader28.de\/hstws\/kontakt\/\">Teamspeak<\/a>-Server (die Zugangsdaten bekommst Du nach Registrierung im Forum).<\/p>\n<p>Teilweise wird das spontan von den Anwesenden festgelegt, oftmals aber auch im Vorfeld im Forum bekannt gegeben. Und ja, da kannst auch <strong>Du<\/strong> als Mitglied Deine W\u00fcnsche \u00e4u\u00dfern und umsetzen&#8230;<\/p>\n<h3><img loading=\"lazy\" decoding=\"async\" class=\"alignnone size-full wp-image-699\" src=\"https:\/\/www.fliegergeschwader28.de\/hstws\/wp-content\/uploads\/2020\/10\/fg28_termine1.jpg\" alt=\"\" width=\"720\" height=\"160\" srcset=\"https:\/\/www.fliegergeschwader28.de\/hstws\/wp-content\/uploads\/2020\/10\/fg28_termine1.jpg 720w, https:\/\/www.fliegergeschwader28.de\/hstws\/wp-content\/uploads\/2020\/10\/fg28_termine1-300x67.jpg 300w, https:\/\/www.fliegergeschwader28.de\/hstws\/wp-content\/uploads\/2020\/10\/fg28_termine1-100x22.jpg 100w, https:\/\/www.fliegergeschwader28.de\/hstws\/wp-content\/uploads\/2020\/10\/fg28_termine1-150x33.jpg 150w, https:\/\/www.fliegergeschwader28.de\/hstws\/wp-content\/uploads\/2020\/10\/fg28_termine1-200x44.jpg 200w, https:\/\/www.fliegergeschwader28.de\/hstws\/wp-content\/uploads\/2020\/10\/fg28_termine1-450x100.jpg 450w, https:\/\/www.fliegergeschwader28.de\/hstws\/wp-content\/uploads\/2020\/10\/fg28_termine1-600x133.jpg 600w\" sizes=\"auto, (max-width: 720px) 100vw, 720px\" \/><\/h3>\n<h3><strong><span style=\"color: #ff0000;\">\/<\/span><span style=\"color: #3366ff;\">\/<\/span><\/strong> Events<\/h3>\n<p>Innerhalb der Flugsim-Community finden von Zeit zu Zeit geschwader\u00fcbergreifende Events statt. In der Regel werden sie von einem Geschwader &#8211; also auch gelegentlich von uns Wolkenst\u00fcrmern &#8211; ausgerichtet. Inhaltlich k\u00f6nnen Events die ganze Bandbreite von quasi-historischen Eins\u00e4tzen mit Luftangriffs- und Jagdkr\u00e4ften bis hin zu reinen Fun-Events wie der Dogfight Bomber gegen Bomber abdecken &#8211; die Grenze wird nur die Kreativit\u00e4t des Ausrichters gesetzt. In jedem Fall wird durch die gro\u00dfe Teilnehmerzahl ein noch intensiveres Spielerlebnis erreicht, als es in einem einzelnen Geschwader oder auch auf den oft recht &#8222;wilden&#8220; \u00f6ffentlichen Servern m\u00f6glich w\u00e4re.<br \/>\nDementsprechend beteiligen wir uns gerne und h\u00e4ufig an Events anderer Geschwader, sei es, um Kontakte (und Rivalit\u00e4ten) zu pflegen oder nette Leute kennen zu lernen &#8211; in jedem Fall haben wir immer viel Spa\u00df!<br \/>\nEvents finden meistens am Wochenende statt und k\u00f6nnen auch mal einen unserer Flugabende ersetzen. N\u00e4heres hierzu findet sich dann im <a href=\"https:\/\/www.fliegergeschwader28.de\/forum\/index.php\" target=\"_blank\" rel=\"noopener noreferrer\">Forum<\/a>&#8230;<\/p>\n","protected":false},"excerpt":{"rendered":"<p>\/\/ Unsere Flugtermine Zur Zeit treffen wir uns \u00fcblicherweise zu folgenden Terminen: Dienstags ab 21:00 Uhr Mittwochs ab 20:00 Uhr Sonntags ab 09:00 Uhr Andere Termine &#8211; nach Vereinbarung &#8211; Geflogen wir an den festen Terminen i.d.R. IL-2 Sturmovik: Cliffs &hellip;<\/p>\n<p class=\"read-more\"> <a class=\"more-link\" href=\"https:\/\/www.fliegergeschwader28.de\/hstws\/flugtermine-events\/\"> <span class=\"screen-reader-text\">Flugtermine &#038; Events<\/span> Read More &raquo;<\/a><\/p>\n","protected":false},"author":1,"featured_media":0,"parent":0,"menu_order":0,"comment_status":"closed","ping_status":"closed","template":"","meta":{"footnotes":""},"class_list":["post-602","page","type-page","status-publish","hentry"],"_links":{"self":[{"href":"https:\/\/www.fliegergeschwader28.de\/hstws\/wp-json\/wp\/v2\/pages\/602","targetHints":{"allow":["GET"]}}],"collection":[{"href":"https:\/\/www.fliegergeschwader28.de\/hstws\/wp-json\/wp\/v2\/pages"}],"about":[{"href":"https:\/\/www.fliegergeschwader28.de\/hstws\/wp-json\/wp\/v2\/types\/page"}],"author":[{"embeddable":true,"href":"https:\/\/www.fliegergeschwader28.de\/hstws\/wp-json\/wp\/v2\/users\/1"}],"replies":[{"embeddable":true,"href":"https:\/\/www.fliegergeschwader28.de\/hstws\/wp-json\/wp\/v2\/comments?post=602"}],"version-history":[{"count":7,"href":"https:\/\/www.fliegergeschwader28.de\/hstws\/wp-json\/wp\/v2\/pages\/602\/revisions"}],"predecessor-version":[{"id":695,"href":"https:\/\/www.fliegergeschwader28.de\/hstws\/wp-json\/wp\/v2\/pages\/602\/revisions\/695"}],"wp:attachment":[{"href":"https:\/\/www.fliegergeschwader28.de\/hstws\/wp-json\/wp\/v2\/media?parent=602"}],"curies":[{"name":"wp","href":"https:\/\/api.w.org\/{rel}","templated":true}]}}