{"id":596,"date":"2018-09-04T16:48:29","date_gmt":"2018-09-04T14:48:29","guid":{"rendered":"https:\/\/www.fliegergeschwader28.de\/hstws\/?page_id=596"},"modified":"2021-09-09T18:06:20","modified_gmt":"2021-09-09T16:06:20","slug":"impressum","status":"publish","type":"page","link":"https:\/\/www.fliegergeschwader28.de\/hstws\/impressum\/","title":{"rendered":"Impressum"},"content":{"rendered":"<p><span style=\"font-family: arial,helvetica,sans-serif;\"><strong>Domains<\/strong><br \/>\nDas FG28 ist \u00fcber die folgenden Domains erreichbar:<\/span><\/p>\n<p><span style=\"font-family: arial,helvetica,sans-serif;\">www.fliegergeschwader28.de<br \/>\nwww.fliegergeschwader.org<br \/>\n<\/span><\/p>\n<hr \/>\n<p><span style=\"font-family: arial,helvetica,sans-serif;\">Domaininhaber und f\u00fcr dieses Internetangebot verantwortlich:<\/span><\/p>\n<p>Uwe M\u00fcller<br \/>\nHandschuhsheimer Landstra\u00dfe 35<br \/>\n69121 Heidelberg<\/p>\n<hr \/>\n<p><strong>Gestaltung<\/strong><br \/>\nFG28_matkenhaus, FG28_Randy<\/p>\n<p><strong>Redaktion<\/strong><br \/>\nFG28_Artist, FG28_Ceaser87, FG28_matkenhaus, FG28_Randy<\/p>\n<p><strong>Quellenangabe der Grafiken<\/strong><br \/>\n<em>IL-2 Sturmovik: Cliffs of Dover<\/em> (Screenshots),<br \/>\n<em>Rise of Flight<\/em> (Screenshots),<br \/>\n<em>IL-2 Sturmovik: 1946<\/em> (Screenshots),<br \/>\nsowie private Fotos aus dem Archiv von FG28_Randy<\/p>\n<hr \/>\n<p><strong>Haftung f\u00fcr Inhalte<\/strong><br \/>\nWir bem\u00fchen uns die Inhalte unserer Seite aktuell zu halten. Trotz sorgf\u00e4ltiger Bearbeitung bleibt eine Haftung ausgeschlossen.<br \/>\nAls Diensteanbieter sind wir gem\u00e4\u00df \u00a7 7 Abs.1 TMG f\u00fcr eigene Inhalte auf diesen Seiten nach den allgemeinen Gesetzen verantwortlich.<br \/>\nNach \u00a7\u00a7 8 bis 10 TMG sind wir als Diensteanbieter jedoch nicht verpflichtet, \u00fcbermittelte oder gespeicherte fremde Informationen zu \u00fcberwachen. Bei bekannt werden von Rechtsverletzungen, werden wir diese Inhalte umgehend entfernen. Eine diesbez\u00fcgliche Haftung \u00fcbernehmen wir erst ab dem Zeitpunkt der Kenntnis einer m\u00f6glichen Rechtsverletzung.<\/p>\n<p><strong>Haftung f\u00fcr Links<\/strong><em><br \/>\n<\/em>Unser Angebot enth\u00e4lt Links zu externen Webseiten Dritter, auf deren Inhalte wir keinen Einfluss haben. F\u00fcr die Inhalte der verlinkten Seiten ist stets der jeweilige Anbieter oder Betreiber der Seiten verantwortlich. F\u00fcr die Inhalte und die Richtigkeit der Informationen verlinkter Websites fremder Informationsanbieter wird keine Gew\u00e4hr \u00fcbernommen.<br \/>\nDie verlinkten Seiten wurden zum Zeitpunkt der Verlinkung auf m\u00f6gliche Rechtsverst\u00f6\u00dfe OHNE BEANSTANDUNG \u00fcberpr\u00fcft. Bei Bekanntwerden von Rechtsverletzungen werden wir derartige Links umgehend entfernen.<\/p>\n<p><strong>Urheberrecht<\/strong><br \/>\nDie durch die Seitenbetreiber erstellten Inhalte und Werke auf diesen Seiten unterliegen dem deutschen Urheberrecht. Die Vervielf\u00e4ltigung, Bearbeitung, Verbreitung und jede Art der Verwertung au\u00dferhalb der Grenzen des Urheberrechtes bed\u00fcrfen der schriftlichen Zustimmung des jeweiligen Autors bzw. Erstellers.<\/p>\n","protected":false},"excerpt":{"rendered":"<p>Domains Das FG28 ist \u00fcber die folgenden Domains erreichbar: www.fliegergeschwader28.de www.fliegergeschwader.org Domaininhaber und f\u00fcr dieses Internetangebot verantwortlich: Uwe M\u00fcller Handschuhsheimer Landstra\u00dfe 35 69121 Heidelberg Gestaltung FG28_matkenhaus, FG28_Randy Redaktion FG28_Artist, FG28_Ceaser87, FG28_matkenhaus, FG28_Randy Quellenangabe der Grafiken IL-2 Sturmovik: Cliffs of Dover &hellip;<\/p>\n<p class=\"read-more\"> <a class=\"more-link\" href=\"https:\/\/www.fliegergeschwader28.de\/hstws\/impressum\/\"> <span class=\"screen-reader-text\">Impressum<\/span> Read More &raquo;<\/a><\/p>\n","protected":false},"author":1,"featured_media":0,"parent":0,"menu_order":0,"comment_status":"closed","ping_status":"closed","template":"","meta":{"footnotes":""},"class_list":["post-596","page","type-page","status-publish","hentry"],"_links":{"self":[{"href":"https:\/\/www.fliegergeschwader28.de\/hstws\/wp-json\/wp\/v2\/pages\/596","targetHints":{"allow":["GET"]}}],"collection":[{"href":"https:\/\/www.fliegergeschwader28.de\/hstws\/wp-json\/wp\/v2\/pages"}],"about":[{"href":"https:\/\/www.fliegergeschwader28.de\/hstws\/wp-json\/wp\/v2\/types\/page"}],"author":[{"embeddable":true,"href":"https:\/\/www.fliegergeschwader28.de\/hstws\/wp-json\/wp\/v2\/users\/1"}],"replies":[{"embeddable":true,"href":"https:\/\/www.fliegergeschwader28.de\/hstws\/wp-json\/wp\/v2\/comments?post=596"}],"version-history":[{"count":4,"href":"https:\/\/www.fliegergeschwader28.de\/hstws\/wp-json\/wp\/v2\/pages\/596\/revisions"}],"predecessor-version":[{"id":717,"href":"https:\/\/www.fliegergeschwader28.de\/hstws\/wp-json\/wp\/v2\/pages\/596\/revisions\/717"}],"wp:attachment":[{"href":"https:\/\/www.fliegergeschwader28.de\/hstws\/wp-json\/wp\/v2\/media?parent=596"}],"curies":[{"name":"wp","href":"https:\/\/api.w.org\/{rel}","templated":true}]}}